{"id":620,"date":"2024-10-28T19:05:11","date_gmt":"2024-10-28T18:05:11","guid":{"rendered":"https:\/\/crsmotoralmeria.com\/?page_id=620"},"modified":"2024-10-28T19:15:44","modified_gmt":"2024-10-28T18:15:44","slug":"politica-de-privacidad","status":"publish","type":"page","link":"https:\/\/crsmotoralmeria.com\/en\/politica-de-privacidad\/","title":{"rendered":"Pol\u00edtica de Privacidad"},"content":{"rendered":"<div data-elementor-type=\"wp-page\" data-elementor-id=\"620\" class=\"elementor elementor-620\" data-elementor-post-type=\"page\">\n\t\t\t\t<div class=\"elementor-element elementor-element-ac6c43a e-flex e-con-boxed e-con e-parent\" data-id=\"ac6c43a\" data-element_type=\"container\" data-e-type=\"container\">\n\t\t\t\t\t<div class=\"e-con-inner\">\n\t\t\t\t<div class=\"elementor-element elementor-element-944dca0 elementor-widget elementor-widget-text-editor\" data-id=\"944dca0\" data-element_type=\"widget\" data-e-type=\"widget\" data-widget_type=\"text-editor.default\">\n\t\t\t\t<div class=\"elementor-widget-container\">\n\t\t\t\t\t\t\t\t\t<nav>\n<div data-elementor-type=\"wp-post\" data-elementor-id=\"876\" data-elementor-post-type=\"header\">\n<section data-id=\"592d0c2\" data-element_type=\"section\">\n<div>\n<div data-id=\"5beceb5\" data-element_type=\"column\">\n<div>\n<div data-id=\"b9a3efc\" data-element_type=\"widget\" data-widget_type=\"icon-list.default\">\n<div>\n<p><span style=\"font-size: 30px;\">Pol\u00edtica de Privacidad<\/span><\/p>\n<\/div>\n<\/div>\n<\/div>\n<\/div>\n<\/div>\n<\/section>\n<\/div>\n<\/nav>\n<div data-elementor-type=\"wp-page\" data-elementor-id=\"3701\" data-elementor-post-type=\"page\">\n<div data-id=\"3934825a\" data-element_type=\"container\" data-settings=\"{&quot;background_background&quot;:&quot;classic&quot;}\">\n<div>\n<div data-id=\"57a95bc9\" data-element_type=\"widget\" data-widget_type=\"text-editor.default\">\n<div>\n<p>Juan Jos\u00e9 Castillo L\u00f3pez no se hace responsable del contenido de las p\u00e1ginas web a las que pueda acceder el usuario a trav\u00e9s de los enlaces establecidos en sus sitios web y declara que en ning\u00fan caso examinar\u00e1 ni ejercitar\u00e1 ning\u00fan tipo de control sobre el contenido de otras p\u00e1ginas de la red.<br>Asimismo, tampoco garantiza la disponibilidad t\u00e9cnica, exactitud, veracidad, validez o legalidad de p\u00e1ginas ajenas a su propiedad a las que se pueda acceder a trav\u00e9s de los enlaces de esta web.<\/p>\n<p>Juan Jos\u00e9 Castillo L\u00f3pez declara que ha adoptado todas las medidas necesarias para evitar cualquier da\u00f1o que pueda derivarse de la navegaci\u00f3n por su p\u00e1gina web. En consecuencia, Juan Jos\u00e9 Castillo L\u00f3pez no se hace responsable, en ning\u00fan caso, de los eventuales da\u00f1os que pueda sufrir el usuario a causa de la navegaci\u00f3n por Internet.<\/p>\n<p>Juan Jos\u00e9 Castillo L\u00f3pez no se responsabiliza de los da\u00f1os o perjuicios de cualquier tipo producidos en el Usuario que traigan causa de fallos o desconexiones en las redes de telecomunicaciones que produzcan la suspensi\u00f3n, cancelaci\u00f3n, instalaci\u00f3n o interrupci\u00f3n del servicio de la web durante la prestaci\u00f3n del mismo o con car\u00e1cter previo.<\/p>\n<p>El acceso a la web&nbsp;<a href=\"https:\/\/lafurgodeliante.com\/\">https:\/\/crsmotoralmeria.com\/<\/a>&nbsp;&nbsp;no implica la obligaci\u00f3n por parte de la entidad de controlar la ausencia de virus o cualquier otro elemento inform\u00e1tico da\u00f1ino. Corresponde al Usuario, en todo caso, la disponibilidad de herramientas adecuadas para la detecci\u00f3n y desinfecci\u00f3n y protecci\u00f3n de programas inform\u00e1ticos da\u00f1inos.<\/p>\n<p>Juan Jos\u00e9 Castillo L\u00f3pez. no se responsabiliza de los da\u00f1os producidos en los equipos inform\u00e1ticos, documentos y\/o ficheros de los Usuarios o de terceros durante la prestaci\u00f3n del servicio en este Portal web.<\/p>\n<p><\/p>\n<ol start=\"2\">\n<li><strong>PUBLICIDAD<\/strong><\/li>\n<\/ol>\n<p>La web: https:\/\/crsmotoralmeria.com\/podr\u00e1 alojar contenidos publicitarios o patrocinados. Los anunciantes o patrocinadores son los \u00fanicos responsables de asegurarse que el material remitido para su inclusi\u00f3n en la web cumple con las leyes que en cada caso puedan ser de aplicaci\u00f3n.<\/p>\n<p>Juan Jos\u00e9 Castillo L\u00f3pez no ser\u00e1 responsable de cualquier error, inexactitud o irregularidad que puedan contener los contenidos publicitarios o de los patrocinadores en esta web.<\/p>\n<p><\/p>\n<ol start=\"3\">\n<li><strong>MODIFICACIONES<\/strong><\/li>\n<\/ol>\n<p>Juan Jos\u00e9 Castillo L\u00f3pez se reserva el derecho a realizar las modificaciones que considere oportunas, sin aviso previo, en el contenido de su sitio web, tanto en cuanto a los contenidos como por sus condiciones de uso o por las condiciones generales de contrataci\u00f3n. Dichas modificaciones podr\u00e1n realizarse, a trav\u00e9s de sus sitios web, de cualquier forma admisible en derecho y ser\u00e1n de obligado cumplimiento durante el tiempo que est\u00e9n publicadas en la web y hasta que no sean modificadas por otras posteriores.<\/p>\n<p><\/p>\n<ol start=\"4\">\n<li><strong>PROPIEDAD INTELECTUAL<\/strong><\/li>\n<\/ol>\n<p>Los derechos de propiedad intelectual e industrial derivados de todos los textos, im\u00e1genes, as\u00ed como de los medios y formas de presentaci\u00f3n y montaje de sus p\u00e1ginas pertenecen, por s\u00ed mismos o como cesionaria, a Juan Jos\u00e9 Castillo L\u00f3pez Ser\u00e1n, por tanto, obras protegidas con propiedad intelectual por el ordenamiento jur\u00eddico espa\u00f1ol y se les podr\u00e1 aplicar tanto la normativa espa\u00f1ola y comunitaria en este campo, como los tratados internacionales relativos a la materia y suscritos por Espa\u00f1a, Real Decreto Legislativo 1\/1996 y posteriores modificaciones.<br>Directiva-UE-2019\/790 del Parlamento Europeo y del Consejo de 17 de abril de 2019 sobre los derechos de autor y derechos afines en el mercado \u00fanico digital.<br>Todos los derechos reservados. En cumplimiento de la Ley de la Propiedad Intelectual se proh\u00edbe expresamente la reproducci\u00f3n, distribuci\u00f3n, comunicaci\u00f3n p\u00fablica y utilizaci\u00f3n de la totalidad o parte de los contenidos de sus p\u00e1ginas web sin el consentimiento expl\u00edcito de Juan Jos\u00e9 Castillo L\u00f3pez<\/p>\n<p>As\u00ed mismo, Juan Jos\u00e9 Castillo L\u00f3pez se reserva la facultad de presentar las acciones civiles o penales que considere oportunas por la utilizaci\u00f3n indebida de sus p\u00e1ginas web y contenidos o por el incumplimiento de estas condiciones.<\/p>\n<p><\/p>\n<ol start=\"5\">\n<li><strong>CERTIFICADOS DE LSSI-CE Y PROTECCI\u00d3N DE DATOS<\/strong><\/li>\n<\/ol>\n<p>Para la adecuaci\u00f3n de la p\u00e1gina web&nbsp;<a href=\"https:\/\/lafurgodeliante.com\/\">https:\/\/crsmotoralmeria.com\/<\/a>, Juan Jos\u00e9 Castillo L\u00f3pez ha sido asesorada en las normativas de protecci\u00f3n de datos y LSSI-CE, hecho por el cual se le otorga un certificado en formato de imagen digital para que pueda exponerlo en esta p\u00e1gina web.<br><strong><br>6. ACCIONES LEGAL, LEGISLACI\u00d3N APLICABLE Y JURISDICCI\u00d3N<\/strong><\/p>\n<p>La relaci\u00f3n entre el usuario y Juan Jos\u00e9 Castillo L\u00f3pez se regir\u00e1 por la normativa espa\u00f1ola vigente y ser\u00e1n competentes para decidir sobre cualquier controversia que pueda surgir entre el usuario y Juan Jos\u00e9 Castillo L\u00f3pez, los juzgados o tribunales del Partido Judicial de la ILLES BALEARS.<\/p>\n<p><\/p>\n<ol start=\"7\">\n<li><strong>RESERVA DE COOKIES<\/strong><\/li>\n<\/ol>\n<p>Juan Jos\u00e9 Castillo L\u00f3pez se reserva el derecho de utilizar cookies en la navegaci\u00f3n del usuario por sus sitios web para facilitar la personalizaci\u00f3n y comodidad de la navegaci\u00f3n. Siguiendo la pol\u00edtica de protecci\u00f3n de datos de la entidad, Juan Jos\u00e9 Castillo L\u00f3pez informa que las cookies se asocian al usuario an\u00f3nimo y a su ordenador y no proporcionan por s\u00ed mismas los datos personales del usuario.<\/p>\n<p>En este sentido, de acuerdo con la sentencia de la Gran Sala de Justicia de la Uni\u00f3n Europea, de 1 de octubre de 2019, y por la Gu\u00eda de la AEPD de julio de 2020, nuestra \u2018pol\u00edtica de cookies\u2019 informa al usuario del tiempo que estas cookies permanecer\u00e1n activas en el terminal del usuario y de la posibilidad de que terceros tengan acceso a la informaci\u00f3n que \u00e9stas almacenan. Esta sentencia modifica el art\u00edculo 5, apartado 3, de la Directiva 2002\/58 por la Directiva 2009\/136.<\/p>\n<p>A ra\u00edz de esta sentencia y del contenido de la Gu\u00eda de la AEPD de julio de 2020, el usuario tiene la posibilidad de aceptar o rechazar expl\u00edcitamente el uso de las cookies y recibir m\u00e1s informaci\u00f3n de las mismas. Adicionalmente, el Usuario tiene la posibilidad de configurar su navegador de manera que sea informado de la recepci\u00f3n de cookies, con la posibilidad, si as\u00ed lo desea, de impedir que se instalen en su disco duro. En este sentido, para acceder a los sitios web de Juan Jos\u00e9 Castillo L\u00f3pez, no es preceptiva la instalaci\u00f3n de cookies.<\/p>\n<p>El usuario se compromete a abstenerse de reproducir, copiar, distribuir, poner a disposici\u00f3n de terceros o de comunicar p\u00fablicamente informaci\u00f3n o transformar y modificar los contenidos, a menos que se cuente con la autorizaci\u00f3n del titular de los correspondientes derechos.<\/p>\n<p><\/p>\n<ol start=\"8\">\n<li><strong>PROTECCI\u00d3N DE DATOS PERSONAL<\/strong><\/li>\n<\/ol>\n<p>De conformidad con lo establecido por Reglamento General-UE-2016\/679 del Parlamento y Consejo de Europa de Protecci\u00f3n de Datos de Car\u00e1cter Personal, aprobado el 27 de abril de 2016, la LOPD 3\/2018, de Garant\u00eda de los Derechos Digitales, la Ley 34\/2002, de Servicios de la Sociedad de la Informaci\u00f3n y el Comercio Electr\u00f3nico, y la Ley 9\/2014, General de Telecomunicaciones, Juan Jos\u00e9 Castillo L\u00f3pez informa a los usuarios de sus websites de que estamos obligados a guardar secreto profesional sobre los datos personales recabados por la entidad mediante los formularios de registro o contacto en sus p\u00e1ginas. Esta obligaci\u00f3n continuar\u00e1 incluso despu\u00e9s de haber finalizado nuestra relaci\u00f3n comercial o contractual, y en ning\u00fan caso podremos hacer p\u00fablicos los datos personales de los visitantes y clientes a la web sin su consentimiento. Los menores de 16 a\u00f1os no pueden prestar su consentimiento para que un comercio electr\u00f3nico recoja y trate sus datos personales; solo sus representantes legales (padres o tutores) son quienes pueden hacerlo en su nombre.<\/p>\n<p><\/p>\n<p>Aquellos comercios que necesiten tratar datos de menores de 16 a\u00f1os, deben disponer de los medios para obtener el consentimiento de sus padres o tutores, por ejemplo, mediante un mensaje de correo electr\u00f3nico dirigido a alguno de ellos que contenga un enlace a un formulario electr\u00f3nico. No se puede pedir a los menores de 14 a\u00f1os datos sobre el \u00e1mbito familiar, siendo la \u00fanica excepci\u00f3n los datos de identificaci\u00f3n y contacto de los padres o tutores.<\/p>\n<p><\/p>\n<p>Estos datos, ser\u00e1n introducidos en un fichero automatizado bajo la responsabilidad del administrador de la web de Juan Jos\u00e9 Castillo L\u00f3pez con la finalidad de poder facilitar, agilizar y cumplir los compromisos establecidos entre ambas partes. Asimismo, Juan Jos\u00e9 Castillo L\u00f3pez informa de la posibilidad de ejercer los derechos de acceso, que permite al usuario web, conocer que datos personales tiene el administrador de esta p\u00e1gina y en tal caso contestara en un plazo de 30 d\u00edas, siempre que conserven los datos personales, rectificaci\u00f3n, que permite corregir errores en los datos personales, modificar los que sean inexactos o incompletos y garantizar la certeza de la informaci\u00f3n, oposici\u00f3n que podr\u00e1 solicitar y conseguir que no lleve a cabo el tratamiento de datos, supresi\u00f3n que permite que se supriman los datos inadecuados o excesivos, limitaci\u00f3n, por el que puede solicitar que se limite el tratamiento de sus datos cuando haya ejercido su derecho a la rectificaci\u00f3n de sus datos personales, y portabilidad, para que el usuario pueda obtener una copia de los datos personales que haya facilitado en la web a fin de poder transmitirlos a otros servicios, estos derechos se podr\u00e1n ejercer por cualquier medio que deje constancia de su env\u00edo y de su recepci\u00f3n a la direcci\u00f3n del administrador de esta web o al Correo electr\u00f3nico:&nbsp;<a href=\"mailto:taller@crsmotor-almeria.com\" style=\"font-style: normal; font-variant-ligatures: normal; font-variant-caps: normal; font-weight: 400; font-size: 14px; font-family: Poppins, -apple-system, BlinkMacSystemFont, &quot;Segoe UI&quot;, Roboto, Oxygen-Sans, Ubuntu, Cantarell, &quot;Helvetica Neue&quot;, sans-serif; letter-spacing: 0px;\">taller@crsmotor-almeria.com<\/a>, aportando fotocopia del DNI o documentaci\u00f3n alternativa que acredite su identidad.<\/p>\n<p><\/p>\n<p>Mientras no nos comunique lo contrario, entenderemos que sus datos no han sido modificados, que usted se compromete a notificarnos cualquier variaci\u00f3n y que tenemos el consentimiento para utilizarlos para la relaci\u00f3n entre las partes.<\/p>\n<p>El env\u00edo de sus datos mediante el\/los formularios de nuestra web estar\u00e1 supeditado obligatoriamente a que haya le\u00eddo\/aceptado la Pol\u00edtica de Privacidad, mediante un check box obligatorio al pie del formulario de registro o contacto.<\/p>\n<p><\/p>\n<p>De acuerdo con lo establecido en la Ley 34\/2002, de Servicios de la Sociedad de la Informaci\u00f3n y el Comercio Electr\u00f3nico en su art\u00edculo 21, pedimos su consentimiento para poder realizar comunicaciones publicitarias o informaci\u00f3n de nuestra entidad que consideremos puedan ser de su inter\u00e9s, por correo electr\u00f3nico o por cualquier otro medio de comunicaci\u00f3n electr\u00f3nica equivalente. Este consentimiento lo otorgar\u00e1, o no, mediante la aceptaci\u00f3n de la Pol\u00edtica de Privacidad en el citado check box al pie del formulario de registro y\/o contacto.<\/p>\n<p><\/p>\n<\/div>\n<\/div>\n<\/div>\n<\/div>\n<\/div>\t\t\t\t\t\t\t\t<\/div>\n\t\t\t\t<\/div>\n\t\t\t\t\t<\/div>\n\t\t\t\t<\/div>\n\t\t\t\t<\/div>","protected":false},"excerpt":{"rendered":"<p>Pol\u00edtica de Privacidad Juan Jos\u00e9 Castillo L\u00f3pez no se hace responsable del contenido de las p\u00e1ginas web a las que pueda acceder el usuario a trav\u00e9s<span class=\"excerpt-hellip\"> [\u2026]<\/span><\/p>\n","protected":false},"author":1,"featured_media":0,"parent":0,"menu_order":0,"comment_status":"closed","ping_status":"closed","template":"elementor_header_footer","meta":{"footnotes":""},"class_list":["post-620","page","type-page","status-publish","hentry"],"yoast_head":"<!-- This site is optimized with the Yoast SEO plugin v25.6 - https:\/\/yoast.com\/wordpress\/plugins\/seo\/ -->\n<title>Pol\u00edtica de Privacidad - CRS Motor Almeria<\/title>\n<meta name=\"robots\" content=\"noindex, nofollow\" \/>\n<meta property=\"og:locale\" content=\"en_US\" \/>\n<meta property=\"og:type\" content=\"article\" \/>\n<meta property=\"og:title\" content=\"Pol\u00edtica de Privacidad - CRS Motor Almeria\" \/>\n<meta property=\"og:description\" content=\"Pol\u00edtica de Privacidad Juan Jos\u00e9 Castillo L\u00f3pez no se hace responsable del contenido de las p\u00e1ginas web a las que pueda acceder el usuario a trav\u00e9s [\u2026]\" \/>\n<meta property=\"og:url\" content=\"https:\/\/crsmotoralmeria.com\/en\/politica-de-privacidad\/\" \/>\n<meta property=\"og:site_name\" content=\"CRS Motor Almeria\" \/>\n<meta property=\"article:modified_time\" content=\"2024-10-28T18:15:44+00:00\" \/>\n<meta name=\"twitter:card\" content=\"summary_large_image\" \/>\n<meta name=\"twitter:label1\" content=\"Est. reading time\" \/>\n\t<meta name=\"twitter:data1\" content=\"8 minutes\" \/>\n<script type=\"application\/ld+json\" class=\"yoast-schema-graph\">{\"@context\":\"https:\/\/schema.org\",\"@graph\":[{\"@type\":\"WebPage\",\"@id\":\"https:\/\/crsmotoralmeria.com\/politica-de-privacidad\/\",\"url\":\"https:\/\/crsmotoralmeria.com\/politica-de-privacidad\/\",\"name\":\"Pol\u00edtica de Privacidad - CRS Motor Almeria\",\"isPartOf\":{\"@id\":\"https:\/\/crsmotoralmeria.com\/#website\"},\"datePublished\":\"2024-10-28T18:05:11+00:00\",\"dateModified\":\"2024-10-28T18:15:44+00:00\",\"breadcrumb\":{\"@id\":\"https:\/\/crsmotoralmeria.com\/politica-de-privacidad\/#breadcrumb\"},\"inLanguage\":\"en-US\",\"potentialAction\":[{\"@type\":\"ReadAction\",\"target\":[\"https:\/\/crsmotoralmeria.com\/politica-de-privacidad\/\"]}]},{\"@type\":\"BreadcrumbList\",\"@id\":\"https:\/\/crsmotoralmeria.com\/politica-de-privacidad\/#breadcrumb\",\"itemListElement\":[{\"@type\":\"ListItem\",\"position\":1,\"name\":\"Portada\",\"item\":\"https:\/\/crsmotoralmeria.com\/\"},{\"@type\":\"ListItem\",\"position\":2,\"name\":\"Pol\u00edtica de Privacidad\"}]},{\"@type\":\"WebSite\",\"@id\":\"https:\/\/crsmotoralmeria.com\/#website\",\"url\":\"https:\/\/crsmotoralmeria.com\/\",\"name\":\"CRS Motor Almeria\",\"description\":\"Rapidez y eficacia, as&iacute; se definen los servicios de mec&aacute;nica que prestamos en nuestro taller de Almer&iacute;a.\",\"publisher\":{\"@id\":\"https:\/\/crsmotoralmeria.com\/#organization\"},\"potentialAction\":[{\"@type\":\"SearchAction\",\"target\":{\"@type\":\"EntryPoint\",\"urlTemplate\":\"https:\/\/crsmotoralmeria.com\/?s={search_term_string}\"},\"query-input\":{\"@type\":\"PropertyValueSpecification\",\"valueRequired\":true,\"valueName\":\"search_term_string\"}}],\"inLanguage\":\"en-US\"},{\"@type\":\"Organization\",\"@id\":\"https:\/\/crsmotoralmeria.com\/#organization\",\"name\":\"CRS Motor Almeria\",\"url\":\"https:\/\/crsmotoralmeria.com\/\",\"logo\":{\"@type\":\"ImageObject\",\"inLanguage\":\"en-US\",\"@id\":\"https:\/\/crsmotoralmeria.com\/#\/schema\/logo\/image\/\",\"url\":\"https:\/\/crsmotoralmeria.com\/wp-content\/uploads\/2024\/05\/cropped-logocsr.png\",\"contentUrl\":\"https:\/\/crsmotoralmeria.com\/wp-content\/uploads\/2024\/05\/cropped-logocsr.png\",\"width\":232,\"height\":106,\"caption\":\"CRS Motor Almeria\"},\"image\":{\"@id\":\"https:\/\/crsmotoralmeria.com\/#\/schema\/logo\/image\/\"}}]}<\/script>\n<!-- \/ Yoast SEO plugin. -->","yoast_head_json":{"title":"Pol\u00edtica de Privacidad - CRS Motor Almeria","robots":{"index":"noindex","follow":"nofollow"},"og_locale":"en_US","og_type":"article","og_title":"Pol\u00edtica de Privacidad - CRS Motor Almeria","og_description":"Pol\u00edtica de Privacidad Juan Jos\u00e9 Castillo L\u00f3pez no se hace responsable del contenido de las p\u00e1ginas web a las que pueda acceder el usuario a trav\u00e9s [\u2026]","og_url":"https:\/\/crsmotoralmeria.com\/en\/politica-de-privacidad\/","og_site_name":"CRS Motor Almeria","article_modified_time":"2024-10-28T18:15:44+00:00","twitter_card":"summary_large_image","twitter_misc":{"Est. reading time":"8 minutes"},"schema":{"@context":"https:\/\/schema.org","@graph":[{"@type":"WebPage","@id":"https:\/\/crsmotoralmeria.com\/politica-de-privacidad\/","url":"https:\/\/crsmotoralmeria.com\/politica-de-privacidad\/","name":"Pol\u00edtica de Privacidad - CRS Motor Almeria","isPartOf":{"@id":"https:\/\/crsmotoralmeria.com\/#website"},"datePublished":"2024-10-28T18:05:11+00:00","dateModified":"2024-10-28T18:15:44+00:00","breadcrumb":{"@id":"https:\/\/crsmotoralmeria.com\/politica-de-privacidad\/#breadcrumb"},"inLanguage":"en-US","potentialAction":[{"@type":"ReadAction","target":["https:\/\/crsmotoralmeria.com\/politica-de-privacidad\/"]}]},{"@type":"BreadcrumbList","@id":"https:\/\/crsmotoralmeria.com\/politica-de-privacidad\/#breadcrumb","itemListElement":[{"@type":"ListItem","position":1,"name":"Portada","item":"https:\/\/crsmotoralmeria.com\/"},{"@type":"ListItem","position":2,"name":"Pol\u00edtica de Privacidad"}]},{"@type":"WebSite","@id":"https:\/\/crsmotoralmeria.com\/#website","url":"https:\/\/crsmotoralmeria.com\/","name":"CRS Motor Almeria","description":"Rapidez y eficacia, as&iacute; se definen los servicios de mec&aacute;nica que prestamos en nuestro taller de Almer&iacute;a.","publisher":{"@id":"https:\/\/crsmotoralmeria.com\/#organization"},"potentialAction":[{"@type":"SearchAction","target":{"@type":"EntryPoint","urlTemplate":"https:\/\/crsmotoralmeria.com\/?s={search_term_string}"},"query-input":{"@type":"PropertyValueSpecification","valueRequired":true,"valueName":"search_term_string"}}],"inLanguage":"en-US"},{"@type":"Organization","@id":"https:\/\/crsmotoralmeria.com\/#organization","name":"CRS Motor Almeria","url":"https:\/\/crsmotoralmeria.com\/","logo":{"@type":"ImageObject","inLanguage":"en-US","@id":"https:\/\/crsmotoralmeria.com\/#\/schema\/logo\/image\/","url":"https:\/\/crsmotoralmeria.com\/wp-content\/uploads\/2024\/05\/cropped-logocsr.png","contentUrl":"https:\/\/crsmotoralmeria.com\/wp-content\/uploads\/2024\/05\/cropped-logocsr.png","width":232,"height":106,"caption":"CRS Motor Almeria"},"image":{"@id":"https:\/\/crsmotoralmeria.com\/#\/schema\/logo\/image\/"}}]}},"_links":{"self":[{"href":"https:\/\/crsmotoralmeria.com\/en\/wp-json\/wp\/v2\/pages\/620"}],"collection":[{"href":"https:\/\/crsmotoralmeria.com\/en\/wp-json\/wp\/v2\/pages"}],"about":[{"href":"https:\/\/crsmotoralmeria.com\/en\/wp-json\/wp\/v2\/types\/page"}],"author":[{"embeddable":true,"href":"https:\/\/crsmotoralmeria.com\/en\/wp-json\/wp\/v2\/users\/1"}],"replies":[{"embeddable":true,"href":"https:\/\/crsmotoralmeria.com\/en\/wp-json\/wp\/v2\/comments?post=620"}],"version-history":[{"count":4,"href":"https:\/\/crsmotoralmeria.com\/en\/wp-json\/wp\/v2\/pages\/620\/revisions"}],"predecessor-version":[{"id":625,"href":"https:\/\/crsmotoralmeria.com\/en\/wp-json\/wp\/v2\/pages\/620\/revisions\/625"}],"wp:attachment":[{"href":"https:\/\/crsmotoralmeria.com\/en\/wp-json\/wp\/v2\/media?parent=620"}],"curies":[{"name":"wp","href":"https:\/\/api.w.org\/{rel}","templated":true}]}}