{"id":626,"date":"2024-10-28T19:16:15","date_gmt":"2024-10-28T18:16:15","guid":{"rendered":"https:\/\/crsmotoralmeria.com\/?page_id=626"},"modified":"2024-10-28T19:21:46","modified_gmt":"2024-10-28T18:21:46","slug":"aviso-legal","status":"publish","type":"page","link":"https:\/\/crsmotoralmeria.com\/en\/aviso-legal\/","title":{"rendered":"Aviso Legal"},"content":{"rendered":"<div data-elementor-type=\"wp-page\" data-elementor-id=\"626\" class=\"elementor elementor-626\" data-elementor-post-type=\"page\">\n\t\t\t\t<div class=\"elementor-element elementor-element-e2ce0d9 e-flex e-con-boxed e-con e-parent\" data-id=\"e2ce0d9\" data-element_type=\"container\" data-e-type=\"container\">\n\t\t\t\t\t<div class=\"e-con-inner\">\n\t\t\t\t<div class=\"elementor-element elementor-element-d57991b elementor-widget elementor-widget-text-editor\" data-id=\"d57991b\" data-element_type=\"widget\" data-e-type=\"widget\" data-widget_type=\"text-editor.default\">\n\t\t\t\t<div class=\"elementor-widget-container\">\n\t\t\t\t\t\t\t\t\t<nav>\n<div data-elementor-type=\"wp-post\" data-elementor-id=\"876\" data-elementor-post-type=\"header\">\n<section data-id=\"592d0c2\" data-element_type=\"section\">\n<div>\n<div data-id=\"5beceb5\" data-element_type=\"column\">\n<div>\n<div data-id=\"b9a3efc\" data-element_type=\"widget\" data-widget_type=\"icon-list.default\">\n<div>\n<p><span style=\"color: #2f5eb6; font-family: Poppins, -apple-system, BlinkMacSystemFont, 'Segoe UI', Roboto, Oxygen-Sans, Ubuntu, Cantarell, 'Helvetica Neue', sans-serif; font-size: 38px; font-weight: 600; letter-spacing: 0px; text-align: var(--text-align);\">Aviso Legal<\/span><\/p>\n<\/div>\n<\/div>\n<\/div>\n<\/div>\n<\/div>\n<\/section>\n<\/div>\n<\/nav>\n<div data-elementor-type=\"wp-page\" data-elementor-id=\"3721\" data-elementor-post-type=\"page\">\n<div data-id=\"220d07e5\" data-element_type=\"container\" data-settings=\"{&quot;background_background&quot;:&quot;classic&quot;}\">\n<div>\n<div data-id=\"1b6a4f15\" data-element_type=\"widget\" data-widget_type=\"text-editor.default\">\n<div>\n<p>Condiciones Generales<\/p>\n<ol>\n<li>Esta nota legal contiene las condiciones que regulan el uso y acceso al sitio web&nbsp;<a href=\"https:\/\/lafurgodelainte.com\/\">https:\/\/crsmotoralmeria.com\/<\/a>&nbsp;(en adelante sitio o web) y las responsabilidades derivadas de su utilizaci\u00f3n, en cumplimiento con la Ley 34\/2002, de 11 de julio, de Servicios de la Sociedad de la Informaci\u00f3n y el Comercio Electr\u00f3nico (en adelante, LSSI). Se entender\u00e1 que el acceso o la mera utilizaci\u00f3n del sitio web por parte del usuario implican la adhesi\u00f3n del mismo a todas las condiciones que Juan Jos\u00e9 Castillo L\u00f3pez tenga publicadas en ese momento en la web.<\/li>\n<\/ol>\n<p>Se informa a los usuarios que Juan Jos\u00e9 Castillo L\u00f3pez bajo el nombre comercial CRS Motor respeta la legislaci\u00f3n vigente en materia de protecci\u00f3n de datos personales, la privacidad de los usuarios y el secreto y seguridad de sus datos personales, adoptando para ello las medidas t\u00e9cnicas y organizativas necesarias para evitar la p\u00e9rdida, el mal uso, la alteraci\u00f3n, el acceso no autorizado y el robo de los datos personales.<\/p>\n<p>Titular<br>2. El titular de este sitio web es Juan Jos\u00e9 Castillo L\u00f3pez<\/p>\n<p>Objeto<br>3. El objetivo de este sitio es informar de la actividad y servicios que desarrolla y ofrece Juan Jos\u00e9 Castillo L\u00f3pez bajo el nombre comercial&nbsp;<span style=\"font-family: Poppins, -apple-system, BlinkMacSystemFont, &quot;Segoe UI&quot;, Roboto, Oxygen-Sans, Ubuntu, Cantarell, &quot;Helvetica Neue&quot;, sans-serif; font-size: 16px; font-style: normal; font-variant-ligatures: normal; font-variant-caps: normal; font-weight: 400;\">CRS Motor<\/span>&nbsp;en referencia a la prestaci\u00f3n de servicios de esta Plataforma web a sus productos y servicios.<\/p>\n<p><\/p>\n<p>Derechos de Propiedad Intelectual e Industrial<br>4. La totalidad de este sitio web: descripci\u00f3n y caracter\u00edsticas, texto, im\u00e1genes, marcas, logotipos, botones, archivos, carteles, as\u00ed como la estructura, selecci\u00f3n, ordenaci\u00f3n y presentaci\u00f3n de sus contenidos se encuentra protegido por las Leyes espa\u00f1olas e internacionales sobre propiedad Intelectual e Industrial. En ning\u00fan caso el acceso por parte de terceros a dicho sitio implica alg\u00fan tipo de renuncia, transmisi\u00f3n o cesi\u00f3n total o parcial de los derechos otorgados por la legislaci\u00f3n espa\u00f1ola e internacional sobre propiedad Intelectual e Industrial.<\/p>\n<p>Quedan prohibidos la reproducci\u00f3n (excepto la descarga temporal desde el sitio web al disco duro del ordenador del usuario o a los servidores proxy), la copia, el uso, la distribuci\u00f3n, la reutilizaci\u00f3n, la explotaci\u00f3n, la realizaci\u00f3n de segundas copias, el env\u00edo por correo, la transmisi\u00f3n, la modificaci\u00f3n, la cesi\u00f3n o cualquier otro acto que se haga con la totalidad o parte de la informaci\u00f3n contenida en esta web que no haya sido expresamente autorizado por el titular.<\/p>\n<p>El usuario se obliga a usar los contenidos de forma diligente, correcta y l\u00edcita y, en particular, se compromete a abstenerse de suprimir, eludir o manipular el \u201ccopyright\u201d y dem\u00e1s datos identificativos de los derechos de Juan Jos\u00e9 Castillo L\u00f3pez o de sus titulares incorporados a los contenidos, as\u00ed como los dispositivos t\u00e9cnicos de protecci\u00f3n o cualesquiera mecanismos de informaci\u00f3n que pudieran incluirse en los contenidos.&nbsp;<a href=\"https:\/\/lafurgodelainte.com\/\">https:\/\/crsmotoralmeria.com\/<\/a>&nbsp;&nbsp;es un dominio registrado por Juan Jos\u00e9 Castillo L\u00f3pez.<\/p>\n<p>El dominio no puede ser utilizado, salvo autorizaci\u00f3n expresa previa, en conexi\u00f3n con otros servicios que no sean de la empresa de ninguna manera que pueda causar confusi\u00f3n entre nuestros clientes o descr\u00e9dito de Juan Jos\u00e9 Castillo L\u00f3pez<\/p>\n<p><\/p>\n<p>Acceso<br>5. Los usuarios podr\u00e1n acceder al sitio de forma libre y gratuita. Al acceder a esta web se acepta que Juan Jos\u00e9 Castillo L\u00f3pez no ser\u00e1 responsable de consecuencia alguna, da\u00f1o o perjuicio que se deriven de dicho acceso o uso de la informaci\u00f3n de dicho web o por el acceso a otras materias en Internet a trav\u00e9s de las conexiones con esta web.<\/p>\n<p><\/p>\n<p>Pol\u00edtica de Confidencialidad y Protecci\u00f3n de datos<br>6. Los datos identificativos y personales proporcionados en el marco del presente sitio web, v\u00eda formulario o v\u00eda e-mail, son confidenciales y formar\u00e1n parte de los ficheros titularidad de Juan Jos\u00e9 Castillo L\u00f3pez y ser\u00e1n tratados por parte de \u00e9ste de acuerdo con la legislaci\u00f3n vigente en materia de protecci\u00f3n de datos personales. Al mismo tiempo, los usuarios autorizan expresamente a Juan Jos\u00e9 Castillo L\u00f3pez a enviarles informaci\u00f3n respecto de novedades en el \u00e1mbito de los servicios prestados por la misma. En el supuesto de que no desearan recibir la mencionada informaci\u00f3n bastar\u00e1 con notificarlo v\u00eda e-mail en cualquier momento. En el momento de la aceptaci\u00f3n de las presentes condiciones generales, Juan Jos\u00e9 Castillo L\u00f3pez precisar\u00e1 del usuario la recogida de unos datos imprescindibles para la prestaci\u00f3n de sus servicios.<\/p>\n<p>Los datos personales recogidos ser\u00e1n objeto de tratamiento automatizado e incorporados por Juan Jos\u00e9 Castillo L\u00f3pez a los correspondientes ficheros automatizados, siendo Juan Jos\u00e9 Castillo L\u00f3pez responsable de dichos ficheros, inscritos en el Registro General de Protecci\u00f3n de Datos de la Agencia Espa\u00f1ola de Protecci\u00f3n de Datos. Los datos introducidos en los formularios por el usuario deber\u00e1n ser datos verdaderos, exactos, completos y actuales.<\/p>\n<p>El Responsable del Fichero, o, en su caso, el Encargado del Tratamiento llevar\u00e1 a cabo las medidas de seguridad necesarias para comprobar la identidad del usuario. Pero, en el caso de que la persona que introduzca los datos sea diferente de la que se vaya a declarar como usuario, se entender\u00e1 que tiene consentimiento expreso del usuario para ello y que \u00e9ste nos otorga autorizaci\u00f3n para realizar el tratamiento anteriormente descrito. El usuario ser\u00e1 el \u00fanico responsable de cualquier da\u00f1o o perjuicio, directo o indirecto que pudiera ocasionar a cualquier persona a causa de la cumplimentaci\u00f3n del formulario con datos falsos, inexactos, incompletos o no actualizados.<br>El titular de los datos de car\u00e1cter personal tendr\u00e1 los derechos de oposici\u00f3n, acceso, rectificaci\u00f3n y cancelaci\u00f3n respecto a cuantos datos suyos existan almacenados en la base de datos de Juan Jos\u00e9 Castillo L\u00f3pez<\/p>\n<p>Dichos derechos podr\u00e1n ser ejercitados a trav\u00e9s de cualquier medio de comunicaci\u00f3n, siempre que quede constancia de ello. En el caso de representaci\u00f3n, deber\u00e1 probarse la misma mediante las formas admitidas en Derecho. Juan Jos\u00e9 Castillo L\u00f3pez se reserva el derecho de modificar su pol\u00edtica de confidencialidad y de protecci\u00f3n de datos como consecuencia de un cambio legislativo, jurisprudencial o de pr\u00e1ctica empresarial. Si se produjera alguna modificaci\u00f3n, el nuevo texto ser\u00e1 publicado en esta p\u00e1gina, donde los usuarios podr\u00e1n tener acceso a la pol\u00edtica actual en materia de confidencialidad y protecci\u00f3n de datos. En cada caso, la relaci\u00f3n con los usuarios se regir\u00e1 por las normas previstas en el momento preciso en que se accede a la web.<\/p>\n<p><\/p>\n<p>Responsabilidad y Obligaciones<\/p>\n<p>7.1. Responsabilidad en cuanto al contenido<br>El contenido de este sitio web es de car\u00e1cter general, con una finalidad y efectos exclusivamente informativos de nuestros servicios y de nuestra actividad empresarial. Juan Jos\u00e9 Castillo L\u00f3pez se exime de cualquier responsabilidad respecto a cualquier decisi\u00f3n adoptada por el usuario del sitio web.<\/p>\n<p><\/p>\n<p>Juan Jos\u00e9 Castillo L\u00f3pez rechaza la responsabilidad sobre cualquier informaci\u00f3n no elaborada por nosotros o no publicada de forma autorizada por \u00e9l bajo su nombre, al igual que la responsabilidad que se derive de la mala utilizaci\u00f3n de los contenidos. Igualmente, en relaci\u00f3n con los contenidos, Juan Jos\u00e9 Castillo L\u00f3pez se reserva el derecho a actualizarlos, eliminarlos, limitarlos o impedir el acceso a ellos, de manera temporal o definitiva.<\/p>\n<p>7.2. Responsabilidad respecto a los enlaces a otras p\u00e1ginas webs (links)<br>Los enlaces introducidos en esta web, son de car\u00e1cter meramente informativo y, por tanto, Juan Jos\u00e9 Castillo L\u00f3pez no controla ni verifica ninguna informaci\u00f3n, contenido, productos o servicios facilitados a trav\u00e9s de estos sitios web. En consecuencia, Juan Jos\u00e9 Castillo L\u00f3pez declina cualquier tipo de responsabilidad por cualquier aspecto, en especial el contenido, relativo a las p\u00e1ginas de enlace. Estos enlaces a otras p\u00e1ginas, as\u00ed como a los productos o servicios por ellas ofrecidos no implican respaldo, patrocinio o recomendaci\u00f3n por parte de Juan Jos\u00e9 Castillo L\u00f3pez.<\/p>\n<p>7.3. Responsabilidad en el supuesto en que esta p\u00e1gina sea el destino del enlace introducido en otra p\u00e1gina<\/p>\n<p><\/p>\n<p>Por lo que se refiere a los enlaces establecidos por otras p\u00e1ginas con destino al sitio de Juan Jos\u00e9 Castillo L\u00f3pez deber\u00e1 atenerse a las siguientes estipulaciones:<\/p>\n<ul>\n<li>Deber\u00e1 solicitar autorizaci\u00f3n previamente a la realizaci\u00f3n del enlace y deber\u00e1 constar de forma expresa su otorgamiento.<\/li>\n<li>El enlace debe ser absoluto y completo, es decir, debe llevar al usuario a la propia direcci\u00f3n de Juan Jos\u00e9 Castillo L\u00f3pez y debe abarcar completamente toda la extensi\u00f3n de la pantalla de la p\u00e1gina inicial. En ning\u00fan caso la p\u00e1gina que realice el enlace podr\u00e1 reproducir de cualquier manera el sitio web de Juan Jos\u00e9 Castillo L\u00f3pez, incluirlo como parte de su web o dentro de uno de sus \u201cframes\u201d o crear un \u201cbrowser\u201d sobre cualquiera de las p\u00e1ginas de la web.<\/li>\n<li>No se dar\u00e1 ning\u00fan tipo de indicaci\u00f3n err\u00f3nea o incorrecta acerca de la p\u00e1gina de Juan Jos\u00e9 Castillo L\u00f3pez<\/li>\n<li>Si se quisiera hacer constar alg\u00fan signo distintivo de Juan Jos\u00e9 Castillo L\u00f3pez, como marcas, logotipos y denominaci\u00f3n, deber\u00e1 contar con la autorizaci\u00f3n por escrito.<\/li>\n<li>El Titular de la p\u00e1gina que ofrece el enlace deber\u00e1 actuar de buena fe y no pretender\u00e1 afectar negativamente a la reputaci\u00f3n o buen nombre de Juan Jos\u00e9 Castillo L\u00f3pez<\/li>\n<li>Se proh\u00edbe, salvo autorizaci\u00f3n expresa de Juan Jos\u00e9 Castillo L\u00f3pez, dar de alta los elementos de texto de la marca o del logotipo, el nombre de dominio o la denominaci\u00f3n social de Juan Jos\u00e9 Castillo L\u00f3pez, como palabra clave (\u201cmetatags\u201d o \u201cmetanames\u201d) para la b\u00fasqueda de sitios webs realizada a trav\u00e9s de buscadores.<\/li>\n<\/ul>\n<p>7.4. Responsabilidad aspectos t\u00e9cnicos:<br>Juan Jos\u00e9 Castillo L\u00f3pez har\u00e1 todo lo posible por dar un servicio estable y duradero, pero en ning\u00fan caso garantiza la continuidad del funcionamiento ni la operatividad y disponibilidad del sitio web por causas ajenas a su responsabilidad. Juan Jos\u00e9 Castillo L\u00f3pez no se hace responsable de los da\u00f1os y perjuicios directos o indirectos, incluidos da\u00f1os a sistemas inform\u00e1ticos e introducci\u00f3n de virus existentes en la red, derivados de la navegaci\u00f3n por Internet necesaria para el uso de este sitio web. Por este motivo, en ning\u00fan caso se indemnizar\u00e1 por posibles problemas debidos al mal funcionamiento del sistema.<\/p>\n<p>7.5. Obligaciones de los usuarios:<br>El usuario responder\u00e1 de los da\u00f1os y perjuicios que Juan Jos\u00e9 Castillo L\u00f3pez pueda sufrir como consecuencia del incumplimiento, por su parte, de cualquiera de las obligaciones determinadas en esta nota legal. El usuario responder\u00e1, en cualquier caso, de la veracidad de los datos facilitados, reserv\u00e1ndose Juan Jos\u00e9 Castillo L\u00f3pez el derecho a excluir de los servicios registrados a todo usuario que haya facilitado datos falsos, sin perjuicio de las dem\u00e1s acciones que procedan en Derecho. El usuario no podr\u00e1 usar este servicio para transmitir cualquier clase de material ilegal, amenazante, difamatorio o cualquier otro tipo de material considerado ofensivo. De la misma forma, no podr\u00e1 hacer uso incorrecto de los contenidos de Juan Jos\u00e9 Castillo L\u00f3pez utilizarlos con fines distintos a los previstos, reproduci\u00e9ndolos, modific\u00e1ndolos o transform\u00e1ndolos. Cualquier informaci\u00f3n obtenida en el sitio de Juan Jos\u00e9 Castillo L\u00f3pez y mostrado en una p\u00e1gina externa, deber\u00e1 mostrarse indicando debidamente la fuente, es decir, el nombre del sitio y el enlace o p\u00e1gina de donde se ha obtenido la informaci\u00f3n. Respecto a la navegaci\u00f3n, el usuario se compromete a observar diligente y fielmente las recomendaciones que en su momento establezca Juan Jos\u00e9 Castillo L\u00f3pez relativa al uso del sitio.<\/p>\n<p>A estos efectos Juan Jos\u00e9 Castillo L\u00f3pez se dirigir\u00e1 a los usuarios mediante cualquier medio de comunicaci\u00f3n a trav\u00e9s del sitio web.<\/p>\n<\/div>\n<\/div>\n<\/div>\n<\/div>\n<\/div>\t\t\t\t\t\t\t\t<\/div>\n\t\t\t\t<\/div>\n\t\t\t\t\t<\/div>\n\t\t\t\t<\/div>\n\t\t\t\t<\/div>","protected":false},"excerpt":{"rendered":"<p>Aviso Legal Condiciones Generales Esta nota legal contiene las condiciones que regulan el uso y acceso al sitio web&nbsp;https:\/\/crsmotoralmeria.com\/&nbsp;(en adelante sitio o web) y las responsabilidades<span class=\"excerpt-hellip\"> [\u2026]<\/span><\/p>\n","protected":false},"author":1,"featured_media":0,"parent":0,"menu_order":0,"comment_status":"closed","ping_status":"closed","template":"","meta":{"footnotes":""},"class_list":["post-626","page","type-page","status-publish","hentry"],"yoast_head":"<!-- This site is optimized with the Yoast SEO plugin v25.6 - https:\/\/yoast.com\/wordpress\/plugins\/seo\/ -->\n<title>Aviso Legal - CRS Motor Almeria<\/title>\n<meta name=\"robots\" content=\"index, follow, max-snippet:-1, max-image-preview:large, max-video-preview:-1\" \/>\n<link rel=\"canonical\" href=\"https:\/\/crsmotoralmeria.com\/en\/aviso-legal\/\" \/>\n<meta property=\"og:locale\" content=\"en_US\" \/>\n<meta property=\"og:type\" content=\"article\" \/>\n<meta property=\"og:title\" content=\"Aviso Legal - CRS Motor Almeria\" \/>\n<meta property=\"og:description\" content=\"Aviso Legal Condiciones Generales Esta nota legal contiene las condiciones que regulan el uso y acceso al sitio web&nbsp;https:\/\/crsmotoralmeria.com\/&nbsp;(en adelante sitio o web) y las responsabilidades [\u2026]\" \/>\n<meta property=\"og:url\" content=\"https:\/\/crsmotoralmeria.com\/en\/aviso-legal\/\" \/>\n<meta property=\"og:site_name\" content=\"CRS Motor Almeria\" \/>\n<meta property=\"article:modified_time\" content=\"2024-10-28T18:21:46+00:00\" \/>\n<meta name=\"twitter:card\" content=\"summary_large_image\" \/>\n<meta name=\"twitter:label1\" content=\"Est. reading time\" \/>\n\t<meta name=\"twitter:data1\" content=\"9 minutes\" \/>\n<script type=\"application\/ld+json\" class=\"yoast-schema-graph\">{\"@context\":\"https:\/\/schema.org\",\"@graph\":[{\"@type\":\"WebPage\",\"@id\":\"https:\/\/crsmotoralmeria.com\/aviso-legal\/\",\"url\":\"https:\/\/crsmotoralmeria.com\/aviso-legal\/\",\"name\":\"Aviso Legal - CRS Motor Almeria\",\"isPartOf\":{\"@id\":\"https:\/\/crsmotoralmeria.com\/#website\"},\"datePublished\":\"2024-10-28T18:16:15+00:00\",\"dateModified\":\"2024-10-28T18:21:46+00:00\",\"breadcrumb\":{\"@id\":\"https:\/\/crsmotoralmeria.com\/aviso-legal\/#breadcrumb\"},\"inLanguage\":\"en-US\",\"potentialAction\":[{\"@type\":\"ReadAction\",\"target\":[\"https:\/\/crsmotoralmeria.com\/aviso-legal\/\"]}]},{\"@type\":\"BreadcrumbList\",\"@id\":\"https:\/\/crsmotoralmeria.com\/aviso-legal\/#breadcrumb\",\"itemListElement\":[{\"@type\":\"ListItem\",\"position\":1,\"name\":\"Portada\",\"item\":\"https:\/\/crsmotoralmeria.com\/\"},{\"@type\":\"ListItem\",\"position\":2,\"name\":\"Aviso Legal\"}]},{\"@type\":\"WebSite\",\"@id\":\"https:\/\/crsmotoralmeria.com\/#website\",\"url\":\"https:\/\/crsmotoralmeria.com\/\",\"name\":\"CRS Motor Almeria\",\"description\":\"Rapidez y eficacia, as&iacute; se definen los servicios de mec&aacute;nica que prestamos en nuestro taller de Almer&iacute;a.\",\"publisher\":{\"@id\":\"https:\/\/crsmotoralmeria.com\/#organization\"},\"potentialAction\":[{\"@type\":\"SearchAction\",\"target\":{\"@type\":\"EntryPoint\",\"urlTemplate\":\"https:\/\/crsmotoralmeria.com\/?s={search_term_string}\"},\"query-input\":{\"@type\":\"PropertyValueSpecification\",\"valueRequired\":true,\"valueName\":\"search_term_string\"}}],\"inLanguage\":\"en-US\"},{\"@type\":\"Organization\",\"@id\":\"https:\/\/crsmotoralmeria.com\/#organization\",\"name\":\"CRS Motor Almeria\",\"url\":\"https:\/\/crsmotoralmeria.com\/\",\"logo\":{\"@type\":\"ImageObject\",\"inLanguage\":\"en-US\",\"@id\":\"https:\/\/crsmotoralmeria.com\/#\/schema\/logo\/image\/\",\"url\":\"https:\/\/crsmotoralmeria.com\/wp-content\/uploads\/2024\/05\/cropped-logocsr.png\",\"contentUrl\":\"https:\/\/crsmotoralmeria.com\/wp-content\/uploads\/2024\/05\/cropped-logocsr.png\",\"width\":232,\"height\":106,\"caption\":\"CRS Motor Almeria\"},\"image\":{\"@id\":\"https:\/\/crsmotoralmeria.com\/#\/schema\/logo\/image\/\"}}]}<\/script>\n<!-- \/ Yoast SEO plugin. -->","yoast_head_json":{"title":"Aviso Legal - CRS Motor Almeria","robots":{"index":"index","follow":"follow","max-snippet":"max-snippet:-1","max-image-preview":"max-image-preview:large","max-video-preview":"max-video-preview:-1"},"canonical":"https:\/\/crsmotoralmeria.com\/en\/aviso-legal\/","og_locale":"en_US","og_type":"article","og_title":"Aviso Legal - CRS Motor Almeria","og_description":"Aviso Legal Condiciones Generales Esta nota legal contiene las condiciones que regulan el uso y acceso al sitio web&nbsp;https:\/\/crsmotoralmeria.com\/&nbsp;(en adelante sitio o web) y las responsabilidades [\u2026]","og_url":"https:\/\/crsmotoralmeria.com\/en\/aviso-legal\/","og_site_name":"CRS Motor Almeria","article_modified_time":"2024-10-28T18:21:46+00:00","twitter_card":"summary_large_image","twitter_misc":{"Est. reading time":"9 minutes"},"schema":{"@context":"https:\/\/schema.org","@graph":[{"@type":"WebPage","@id":"https:\/\/crsmotoralmeria.com\/aviso-legal\/","url":"https:\/\/crsmotoralmeria.com\/aviso-legal\/","name":"Aviso Legal - CRS Motor Almeria","isPartOf":{"@id":"https:\/\/crsmotoralmeria.com\/#website"},"datePublished":"2024-10-28T18:16:15+00:00","dateModified":"2024-10-28T18:21:46+00:00","breadcrumb":{"@id":"https:\/\/crsmotoralmeria.com\/aviso-legal\/#breadcrumb"},"inLanguage":"en-US","potentialAction":[{"@type":"ReadAction","target":["https:\/\/crsmotoralmeria.com\/aviso-legal\/"]}]},{"@type":"BreadcrumbList","@id":"https:\/\/crsmotoralmeria.com\/aviso-legal\/#breadcrumb","itemListElement":[{"@type":"ListItem","position":1,"name":"Portada","item":"https:\/\/crsmotoralmeria.com\/"},{"@type":"ListItem","position":2,"name":"Aviso Legal"}]},{"@type":"WebSite","@id":"https:\/\/crsmotoralmeria.com\/#website","url":"https:\/\/crsmotoralmeria.com\/","name":"CRS Motor Almeria","description":"Rapidez y eficacia, as&iacute; se definen los servicios de mec&aacute;nica que prestamos en nuestro taller de Almer&iacute;a.","publisher":{"@id":"https:\/\/crsmotoralmeria.com\/#organization"},"potentialAction":[{"@type":"SearchAction","target":{"@type":"EntryPoint","urlTemplate":"https:\/\/crsmotoralmeria.com\/?s={search_term_string}"},"query-input":{"@type":"PropertyValueSpecification","valueRequired":true,"valueName":"search_term_string"}}],"inLanguage":"en-US"},{"@type":"Organization","@id":"https:\/\/crsmotoralmeria.com\/#organization","name":"CRS Motor Almeria","url":"https:\/\/crsmotoralmeria.com\/","logo":{"@type":"ImageObject","inLanguage":"en-US","@id":"https:\/\/crsmotoralmeria.com\/#\/schema\/logo\/image\/","url":"https:\/\/crsmotoralmeria.com\/wp-content\/uploads\/2024\/05\/cropped-logocsr.png","contentUrl":"https:\/\/crsmotoralmeria.com\/wp-content\/uploads\/2024\/05\/cropped-logocsr.png","width":232,"height":106,"caption":"CRS Motor Almeria"},"image":{"@id":"https:\/\/crsmotoralmeria.com\/#\/schema\/logo\/image\/"}}]}},"_links":{"self":[{"href":"https:\/\/crsmotoralmeria.com\/en\/wp-json\/wp\/v2\/pages\/626"}],"collection":[{"href":"https:\/\/crsmotoralmeria.com\/en\/wp-json\/wp\/v2\/pages"}],"about":[{"href":"https:\/\/crsmotoralmeria.com\/en\/wp-json\/wp\/v2\/types\/page"}],"author":[{"embeddable":true,"href":"https:\/\/crsmotoralmeria.com\/en\/wp-json\/wp\/v2\/users\/1"}],"replies":[{"embeddable":true,"href":"https:\/\/crsmotoralmeria.com\/en\/wp-json\/wp\/v2\/comments?post=626"}],"version-history":[{"count":4,"href":"https:\/\/crsmotoralmeria.com\/en\/wp-json\/wp\/v2\/pages\/626\/revisions"}],"predecessor-version":[{"id":630,"href":"https:\/\/crsmotoralmeria.com\/en\/wp-json\/wp\/v2\/pages\/626\/revisions\/630"}],"wp:attachment":[{"href":"https:\/\/crsmotoralmeria.com\/en\/wp-json\/wp\/v2\/media?parent=626"}],"curies":[{"name":"wp","href":"https:\/\/api.w.org\/{rel}","templated":true}]}}